{"id":53,"date":"2021-12-23T11:54:19","date_gmt":"2021-12-23T11:54:19","guid":{"rendered":"https:\/\/www.nasc.lt\/Norway\/?page_id=53"},"modified":"2022-09-12T09:27:49","modified_gmt":"2022-09-12T09:27:49","slug":"arrangementer","status":"publish","type":"page","link":"https:\/\/www.nasc.lt\/Norway\/nb\/arrangementer\/","title":{"rendered":"Arrangementer"},"content":{"rendered":"<h1 style=\"text-align: center;\"><b><span style=\"font-family: arial, sans-serif;\"><i><a href=\"https:\/\/www.cempion.lt\/portal\/\">Cempion.lt<\/a> ikke-formell utdanning &#8220;alt inkludert&#8221;<\/i><\/span><\/b><\/h1>\n<div style=\"text-align: center;\"><strong>Vi inviterer deg til \u00e5 delta p\u00e5 konferansen &#8220;Cempion.lt &#8211; non-formal education &#8220;all-inclusive&#8221;, som har som m\u00e5l \u00e5 dele innsikt om innovasjoner innen ikke-formell utdanning.<br \/>\n<\/strong><\/div>\n<div style=\"text-align: center;\"><span style=\"font-family: arial, sans-serif;\">\u00a0<\/span><\/div>\n<div style=\"text-align: center;\"><span style=\"font-family: arial, sans-serif;\">Arrangementet er en del av prosjektet:<b><i>&#8220;IT Innovations: Creation and Development of a Management System Based on Artificial Intelligence (AI)&#8221;.<\/i><\/b><\/span><\/div>\n<div><\/div>\n<div style=\"text-align: center;\"><span style=\"font-family: arial, sans-serif;\">Prosjektet gjennomf\u00f8res av <em><strong>UAB &#8220;Nacionalinis \u0161vietimo centras&#8221;<\/strong><\/em> sammen med partnere &#8211; <em><b>Vytautas Magnus University<\/b><\/em> og <em><b>International Development Norway AS<\/b>.<\/em><\/span><\/div>\n<div style=\"text-align: center;\"><\/div>\n<div style=\"text-align: center;\"><span style=\"font-family: arial, sans-serif;\">Konferansen vil bli holdt praktisk talt 22 september 2022, p\u00e5 litauisk og engelsk (med oversettelse).<\/span><\/div>\n<div style=\"text-align: center;\"><\/div>\n<div style=\"text-align: center;\"><span style=\"font-family: arial, sans-serif;\">\u00a0<\/span><\/div>\n<div style=\"text-align: center;\"><span style=\"font-family: arial, sans-serif;\"><b>Konferansen starter klokken 10.<\/b><\/span><\/div>\n<div style=\"text-align: center;\"><b><span style=\"font-family: arial, sans-serif;\">\u00a0<\/span><\/b><\/div>\n<div style=\"text-align: center;\"><span style=\"font-family: arial, sans-serif;\"><b>Varighet: 2 timer<\/b><\/span><b><\/b><\/div>\n<div style=\"text-align: center;\"><span style=\"font-family: arial, sans-serif;\">\u00a0<\/span><\/div>\n<div style=\"text-align: center;\"><span style=\"font-family: arial, sans-serif;\"><b><u>Temaer for konferansen:<\/u><\/b><\/span><\/div>\n<p><\/p>\n<ul>\n<li>\n<div><b><em>&#8220;Fordeler og funksjoner til portalen Cempion.lt&#8221;<\/em> &#8211; Egl\u0117 Ilgar\u016bbyt\u0117<\/b> (Salgssjef, UAB &#8220;Nacionalinis \u0161vietimo centras&#8221;).<\/div>\n<\/li>\n<li>\n<div><i><strong>&#8220;Utvikling av anbefalingsmodulen for ikke-formell utdanning basert p\u00e5 elevenes formelle utdanningsresultater og deres individuelle behov og interesser&#8221;<\/strong> <\/i><b>&#8211; Julius Venskus<\/b> (Ph.D. in Mathematics and Informatics and \u00a0\u00a0 Ph.D. in Klaip\u0117da University of Informatics and Statistics).<\/div>\n<\/li>\n<li><b><i>&#8220;Ikke-formelle utdanningsorganisasjoner i Norge&#8221;<\/i>\u00a0&#8211; Anna Skiba\u00a0<\/b>(prosjektkonsulent i International Development Norway AS).<\/li>\n<\/ul>\n<p>&nbsp;<\/p>\n<div style=\"text-align: center;\"><span style=\"font-family: arial, sans-serif;\"><b>\u00a0<\/b><\/span><\/div>\n<div style=\"text-align: center;\"><span style=\"font-family: arial, sans-serif;\">Deltakere inviteres<strong> til \u00e5 registrere seg frem til<\/strong> <b>15september 2022 og <\/b>and<b> delta p\u00e5 konferansen gratis.<\/b><\/span><\/div>\n<div style=\"text-align: center;\"><span style=\"font-family: arial, sans-serif;\">\u00a0<\/span><\/div>\n<div style=\"text-align: center;\"><span style=\"font-family: arial, sans-serif;\"><b>Registrer deg via denne linken:<\/b><\/span><\/div>\n<div style=\"text-align: center;\"><span style=\"font-family: arial, sans-serif;\">\u00a0<\/span><\/div>\n<div style=\"text-align: center;\"><a href=\"https:\/\/forms.gle\/5c3jtZsajhytxXMy7\" target=\"_blank\" rel=\"noopener\" data-saferedirecturl=\"https:\/\/www.google.com\/url?q=https:\/\/forms.gle\/5c3jtZsajhytxXMy7&amp;source=gmail&amp;ust=1663052147666000&amp;usg=AOvVaw3gWHn_Kyy-RWqq9iORUG5o\">https:\/\/forms.gle\/<wbr \/>5c3jtZsajhytxXMy7<span style=\"font-family: arial, sans-serif;\">\u00a0<\/span><\/a><\/div>\n<div style=\"text-align: center;\"><span style=\"font-family: arial, sans-serif;\">\u00a0<\/span><\/div>\n<div style=\"text-align: center;\"><span style=\"font-family: arial, sans-serif;\"><b>Antall plasser er begrenset.<\/b><\/span><\/div>\n<div style=\"text-align: center;\"><span style=\"font-family: arial, sans-serif;\">\u00a0<\/span><\/div>\n<div style=\"text-align: center;\"><span style=\"font-family: arial, sans-serif;\">Lenken for tilgang til konferansen vil bli gitt p\u00e5 e-post.<\/span><\/div>\n<div style=\"text-align: center;\"><span style=\"font-family: arial, sans-serif;\">\u00a0<\/span><\/div>\n<div style=\"text-align: center;\"><b>Partnere:<\/b><\/div>\n<div style=\"text-align: center;\"><\/div>\n<div style=\"text-align: center;\"><img loading=\"lazy\" class=\"size-medium wp-image-159 aligncenter\" src=\"https:\/\/www.nasc.lt\/Norway\/wp-content\/uploads\/2022\/09\/partneriai-300x64.png\" alt=\"\" width=\"300\" height=\"64\" srcset=\"https:\/\/www.nasc.lt\/Norway\/wp-content\/uploads\/2022\/09\/partneriai-300x64.png 300w, https:\/\/www.nasc.lt\/Norway\/wp-content\/uploads\/2022\/09\/partneriai.png 724w\" sizes=\"(max-width: 300px) 100vw, 300px\" \/><\/div>\n","protected":false},"excerpt":{"rendered":"<p>Cempion.lt ikke-formell utdanning &#8220;alt inkludert&#8221; Vi inviterer deg til \u00e5 delta p\u00e5 konferansen &#8220;Cempion.lt &#8211; non-formal education &#8220;all-inclusive&#8221;, som har som m\u00e5l \u00e5 dele innsikt om innovasjoner innen ikke-formell utdanning. \u00a0 Arrangementet er en del av prosjektet:&#8220;IT Innovations: Creation and Development of a Management System Based on Artificial Intelligence (AI)&#8221;. Prosjektet gjennomf\u00f8res av UAB &#8220;Nacionalinis [&hellip;]<\/p>\n","protected":false},"author":1,"featured_media":0,"parent":0,"menu_order":0,"comment_status":"closed","ping_status":"closed","template":"","meta":[],"acf":[],"_links":{"self":[{"href":"https:\/\/www.nasc.lt\/Norway\/wp-json\/wp\/v2\/pages\/53"}],"collection":[{"href":"https:\/\/www.nasc.lt\/Norway\/wp-json\/wp\/v2\/pages"}],"about":[{"href":"https:\/\/www.nasc.lt\/Norway\/wp-json\/wp\/v2\/types\/page"}],"author":[{"embeddable":true,"href":"https:\/\/www.nasc.lt\/Norway\/wp-json\/wp\/v2\/users\/1"}],"replies":[{"embeddable":true,"href":"https:\/\/www.nasc.lt\/Norway\/wp-json\/wp\/v2\/comments?post=53"}],"version-history":[{"count":4,"href":"https:\/\/www.nasc.lt\/Norway\/wp-json\/wp\/v2\/pages\/53\/revisions"}],"predecessor-version":[{"id":185,"href":"https:\/\/www.nasc.lt\/Norway\/wp-json\/wp\/v2\/pages\/53\/revisions\/185"}],"wp:attachment":[{"href":"https:\/\/www.nasc.lt\/Norway\/wp-json\/wp\/v2\/media?parent=53"}],"curies":[{"name":"wp","href":"https:\/\/api.w.org\/{rel}","templated":true}]}}