{"id":49,"date":"2021-12-23T11:53:57","date_gmt":"2021-12-23T11:53:57","guid":{"rendered":"https:\/\/www.nasc.lt\/Norway\/?page_id=49"},"modified":"2022-09-12T07:45:49","modified_gmt":"2022-09-12T07:45:49","slug":"renginiai","status":"publish","type":"page","link":"https:\/\/www.nasc.lt\/Norway\/renginiai\/","title":{"rendered":"Renginiai"},"content":{"rendered":"<h1 style=\"text-align: center;\"><b><span style=\"font-family: arial, sans-serif;\"><i><a href=\"https:\/\/www.cempion.lt\/portal\/\">Cempion.lt<\/a> &#8211; neformaliojo ugdymo \u201eviskas \u012fskai\u010diuota\u201c<\/i><\/span><\/b><\/h1>\n<div style=\"text-align: center;\"><b><span style=\"font-family: arial, sans-serif;\">Kvie\u010diame dalyvauti konferencijoje\u00a0<i>\u201e<a href=\"https:\/\/www.cempion.lt\/portal\/\">Cempion.lt<\/a> &#8211; neformaliojo ugdymo \u201eviskas \u012fskai\u010diuota\u201c<\/i>, skirtoje susipa\u017einti su inovacijomis neformaliojo \u0161vietimo srityje.<\/span><\/b><\/div>\n<div style=\"text-align: center;\"><span style=\"font-family: arial, sans-serif;\">\u00a0<\/span><\/div>\n<div style=\"text-align: center;\"><span style=\"font-family: arial, sans-serif;\">Renginys yra projekto\u00a0<b><i>\u201eIT inovacijos: dirbtiniu intelektu (AI) paremtos valdymo sistemos suk\u016brimas ir pl\u0117tra\u201c<\/i><\/b>\u00a0dalis.<\/span><\/div>\n<div style=\"text-align: center;\"><span style=\"font-family: arial, sans-serif;\">Projekt\u0105 vykdo\u00a0<b><i>UAB \u201eNacionalinis \u0161vietimo centras\u201c<\/i><\/b>\u00a0kartu su partneriais \u2013\u00a0<b>Vytauto Did\u017eiojo universitetu<\/b>\u00a0ir\u00a0<b>International Development Norway AS<\/b>.<\/span><\/div>\n<div style=\"text-align: center;\"><span style=\"font-family: arial, sans-serif;\">\u00a0<\/span><\/div>\n<div style=\"text-align: center;\"><span style=\"font-family: arial, sans-serif;\">Konferencija vyks\u00a0<b>2022 m. rugs\u0117jo 22 d.<\/b>\u00a0nuotoliniu b\u016bdu, lietuvi\u0173 ir angl\u0173 kalbomis (su vertimu).<\/span><\/div>\n<div style=\"text-align: center;\"><span style=\"font-family: arial, sans-serif;\">\u00a0<\/span><\/div>\n<div style=\"text-align: center;\"><span style=\"font-family: arial, sans-serif;\"><b>Renginio prad\u017eia 10 val.<\/b><\/span><\/div>\n<div style=\"text-align: center;\"><b><span style=\"font-family: arial, sans-serif;\">\u00a0<\/span><\/b><\/div>\n<div style=\"text-align: center;\"><span style=\"font-family: arial, sans-serif;\"><b>Trukm\u0117 2 val.<\/b><\/span><\/div>\n<div style=\"text-align: center;\"><span style=\"font-family: arial, sans-serif;\">\u00a0<\/span><\/div>\n<div style=\"text-align: center;\"><span style=\"font-family: arial, sans-serif;\"><b><u>Konferencijos prane\u0161im\u0173 temos:<\/u><\/b><\/span><\/div>\n<p><\/p>\n<div><\/div>\n<ul style=\"text-align: justify;\">\n<li>\n<div><b><i>\u201eCempion.lt portalo naudos ir funkcijos\u201c<\/i><\/b>\u00a0<b>&#8211; Egl\u0117 Ilgar\u016bbyt\u0117<\/b>\u00a0(pardavim\u0173 vadov\u0117 UAB \u201eNacionalinis \u0161vietimo centras\u201c).<\/div>\n<\/li>\n<li>\n<div><i><b>\u201eNeformalaus \u0161vietimo rekomendacij\u0173 modulio k\u016brimas remiantis mokinio formalaus ugdymo rezultatais ir j\u0173 individualiais poreikiai bei pom\u0117giais\u201c<\/b> <\/i><b>&#8211; Julius Venskus<\/b>\u00a0(Vilniaus Universiteto Matematikos ir informatikos fakulteto ir Klaip\u0117dos universiteto Informatikos ir Statistikos docentas Dr.).<\/div>\n<\/li>\n<li><b><i>\u201eNeformaliojo ugdymo organizacijos Norvegijoje\u201c<\/i>\u00a0&#8211; Anna Skiba\u00a0<\/b>(International Development Norway AS projekt\u0173 konsultant\u0117).<\/li>\n<\/ul>\n<div style=\"text-align: center;\"><span style=\"font-family: arial, sans-serif;\"><b>\u00a0<\/b><\/span><\/div>\n<div style=\"text-align: center;\"><span style=\"font-family: arial, sans-serif;\">Konferencijos dalyvi\u0173\u00a0<b>i\u0161ankstin\u0117 registracija vyksta iki 2022 m. rugs\u0117jo 15 d.<\/b><\/span><\/div>\n<div style=\"text-align: center;\"><span style=\"font-family: arial, sans-serif;\">\u00a0<\/span><\/div>\n<div style=\"text-align: center;\"><span style=\"font-family: arial, sans-serif;\"><b>Nemokama registracija:<\/b><\/span><\/div>\n<div style=\"text-align: center;\"><span style=\"font-family: arial, sans-serif;\">\u00a0<\/span><\/div>\n<div style=\"text-align: center;\"><a href=\"https:\/\/forms.gle\/5c3jtZsajhytxXMy7\" target=\"_blank\" rel=\"noopener\" data-saferedirecturl=\"https:\/\/www.google.com\/url?q=https:\/\/forms.gle\/5c3jtZsajhytxXMy7&amp;source=gmail&amp;ust=1663052147666000&amp;usg=AOvVaw3gWHn_Kyy-RWqq9iORUG5o\">https:\/\/forms.gle\/<wbr \/>5c3jtZsajhytxXMy7<span style=\"font-family: arial, sans-serif;\">\u00a0<\/span><\/a><\/div>\n<div style=\"text-align: center;\"><span style=\"font-family: arial, sans-serif;\">\u00a0<\/span><\/div>\n<div style=\"text-align: center;\"><span style=\"font-family: arial, sans-serif;\"><b>Viet\u0173 skai\u010dius ribotas.<\/b><\/span><\/div>\n<div style=\"text-align: center;\"><span style=\"font-family: arial, sans-serif;\">\u00a0<\/span><\/div>\n<div style=\"text-align: center;\"><span style=\"font-family: arial, sans-serif;\">Prisijungimo nuorod\u0105 atsi\u0173sime nurodytu elektroninio pa\u0161to adresu.<\/span><\/div>\n<div style=\"text-align: center;\"><span style=\"font-family: arial, sans-serif;\">\u00a0<\/span><\/div>\n<div style=\"text-align: center;\"><span style=\"font-family: arial, sans-serif;\">\u00a0<\/span><b>Partneriai:<\/b><\/div>\n<div style=\"text-align: center;\"><\/div>\n<div style=\"text-align: center;\"><\/div>\n<div style=\"text-align: center;\"><img loading=\"lazy\" class=\"size-medium wp-image-159 aligncenter\" src=\"https:\/\/www.nasc.lt\/Norway\/wp-content\/uploads\/2022\/09\/partneriai-300x64.png\" alt=\"\" width=\"300\" height=\"64\" srcset=\"https:\/\/www.nasc.lt\/Norway\/wp-content\/uploads\/2022\/09\/partneriai-300x64.png 300w, https:\/\/www.nasc.lt\/Norway\/wp-content\/uploads\/2022\/09\/partneriai.png 724w\" sizes=\"(max-width: 300px) 100vw, 300px\" \/><\/div>\n","protected":false},"excerpt":{"rendered":"<p>Cempion.lt &#8211; neformaliojo ugdymo \u201eviskas \u012fskai\u010diuota\u201c Kvie\u010diame dalyvauti konferencijoje\u00a0\u201eCempion.lt &#8211; neformaliojo ugdymo \u201eviskas \u012fskai\u010diuota\u201c, skirtoje susipa\u017einti su inovacijomis neformaliojo \u0161vietimo srityje. \u00a0 Renginys yra projekto\u00a0\u201eIT inovacijos: dirbtiniu intelektu (AI) paremtos valdymo sistemos suk\u016brimas ir pl\u0117tra\u201c\u00a0dalis. Projekt\u0105 vykdo\u00a0UAB \u201eNacionalinis \u0161vietimo centras\u201c\u00a0kartu su partneriais \u2013\u00a0Vytauto Did\u017eiojo universitetu\u00a0ir\u00a0International Development Norway AS. \u00a0 Konferencija vyks\u00a02022 m. rugs\u0117jo 22 d.\u00a0nuotoliniu [&hellip;]<\/p>\n","protected":false},"author":1,"featured_media":0,"parent":0,"menu_order":0,"comment_status":"closed","ping_status":"closed","template":"","meta":[],"acf":[],"_links":{"self":[{"href":"https:\/\/www.nasc.lt\/Norway\/wp-json\/wp\/v2\/pages\/49"}],"collection":[{"href":"https:\/\/www.nasc.lt\/Norway\/wp-json\/wp\/v2\/pages"}],"about":[{"href":"https:\/\/www.nasc.lt\/Norway\/wp-json\/wp\/v2\/types\/page"}],"author":[{"embeddable":true,"href":"https:\/\/www.nasc.lt\/Norway\/wp-json\/wp\/v2\/users\/1"}],"replies":[{"embeddable":true,"href":"https:\/\/www.nasc.lt\/Norway\/wp-json\/wp\/v2\/comments?post=49"}],"version-history":[{"count":24,"href":"https:\/\/www.nasc.lt\/Norway\/wp-json\/wp\/v2\/pages\/49\/revisions"}],"predecessor-version":[{"id":157,"href":"https:\/\/www.nasc.lt\/Norway\/wp-json\/wp\/v2\/pages\/49\/revisions\/157"}],"wp:attachment":[{"href":"https:\/\/www.nasc.lt\/Norway\/wp-json\/wp\/v2\/media?parent=49"}],"curies":[{"name":"wp","href":"https:\/\/api.w.org\/{rel}","templated":true}]}}