{"id":47,"date":"2021-12-23T11:53:37","date_gmt":"2021-12-23T11:53:37","guid":{"rendered":"https:\/\/www.nasc.lt\/Norway\/?page_id=47"},"modified":"2022-02-03T13:19:45","modified_gmt":"2022-02-03T13:19:45","slug":"kontakter","status":"publish","type":"page","link":"https:\/\/www.nasc.lt\/Norway\/nb\/kontakter\/","title":{"rendered":"Kontakter"},"content":{"rendered":"<p><strong><a href=\"https:\/\/www.nasc.lt\/en\/\">JSC Nacionalinis \u0161vietimo centras<\/a><\/strong><\/p>\n<p>\u017dalgirio st. 92, LT-09303 Vilnius<br \/>\nKernav\u0117 forretningssenter, 1 inngang, 5. etasje<br \/>\nEl. e-post: <a href=\"mailto:info@nasc.lt\">info@nasc.lt<\/a><\/p>\n<p>Firmakode: 300652639<br \/>\nMomsbetalerkode: LT100002964213<br \/>\nAB Swedbank a.s. LT557300010105632163<\/p>\n","protected":false},"excerpt":{"rendered":"<p>JSC Nacionalinis \u0161vietimo centras \u017dalgirio st. 92, LT-09303 Vilnius Kernav\u0117 forretningssenter, 1 inngang, 5. etasje El. e-post: info@nasc.lt Firmakode: 300652639 Momsbetalerkode: LT100002964213 AB Swedbank a.s. LT557300010105632163<\/p>\n","protected":false},"author":1,"featured_media":0,"parent":0,"menu_order":0,"comment_status":"closed","ping_status":"closed","template":"","meta":[],"acf":[],"_links":{"self":[{"href":"https:\/\/www.nasc.lt\/Norway\/wp-json\/wp\/v2\/pages\/47"}],"collection":[{"href":"https:\/\/www.nasc.lt\/Norway\/wp-json\/wp\/v2\/pages"}],"about":[{"href":"https:\/\/www.nasc.lt\/Norway\/wp-json\/wp\/v2\/types\/page"}],"author":[{"embeddable":true,"href":"https:\/\/www.nasc.lt\/Norway\/wp-json\/wp\/v2\/users\/1"}],"replies":[{"embeddable":true,"href":"https:\/\/www.nasc.lt\/Norway\/wp-json\/wp\/v2\/comments?post=47"}],"version-history":[{"count":6,"href":"https:\/\/www.nasc.lt\/Norway\/wp-json\/wp\/v2\/pages\/47\/revisions"}],"predecessor-version":[{"id":141,"href":"https:\/\/www.nasc.lt\/Norway\/wp-json\/wp\/v2\/pages\/47\/revisions\/141"}],"wp:attachment":[{"href":"https:\/\/www.nasc.lt\/Norway\/wp-json\/wp\/v2\/media?parent=47"}],"curies":[{"name":"wp","href":"https:\/\/api.w.org\/{rel}","templated":true}]}}