{"id":43,"date":"2021-12-23T11:53:15","date_gmt":"2021-12-23T11:53:15","guid":{"rendered":"https:\/\/www.nasc.lt\/Norway\/?page_id=43"},"modified":"2022-02-03T13:20:45","modified_gmt":"2022-02-03T13:20:45","slug":"kontaktai","status":"publish","type":"page","link":"https:\/\/www.nasc.lt\/Norway\/kontaktai\/","title":{"rendered":"Kontaktai"},"content":{"rendered":"<p class=\"title\"><strong><a href=\"https:\/\/www.nasc.lt\/\">UAB \u201eNacionalinis \u0161vietimo centras\u201c<\/a><\/strong><\/p>\n<div class=\"content\">\n<p>\u017dalgirio g. 92, LT-09303 Vilnius<br \/>\nKernav\u0117s verslo centras, 1 \u012f\u0117jimas, 5 auk\u0161tas<br \/>\nEl. pa\u0161tas:\u00a0<a href=\"mailto:info@nasc.lt\">info@nasc.lt<\/a><\/p>\n<p>\u012emon\u0117s kodas: 300652639<br \/>\nPVM mok\u0117tojo kodas: LT100002964213<br \/>\nAB Swedbank a.s. LT557300010105632163<\/p>\n<\/div>\n","protected":false},"excerpt":{"rendered":"<p>UAB \u201eNacionalinis \u0161vietimo centras\u201c \u017dalgirio g. 92, LT-09303 Vilnius Kernav\u0117s verslo centras, 1 \u012f\u0117jimas, 5 auk\u0161tas El. pa\u0161tas:\u00a0info@nasc.lt \u012emon\u0117s kodas: 300652639 PVM mok\u0117tojo kodas: LT100002964213 AB Swedbank a.s. LT557300010105632163<\/p>\n","protected":false},"author":1,"featured_media":0,"parent":0,"menu_order":0,"comment_status":"closed","ping_status":"closed","template":"","meta":[],"acf":[],"_links":{"self":[{"href":"https:\/\/www.nasc.lt\/Norway\/wp-json\/wp\/v2\/pages\/43"}],"collection":[{"href":"https:\/\/www.nasc.lt\/Norway\/wp-json\/wp\/v2\/pages"}],"about":[{"href":"https:\/\/www.nasc.lt\/Norway\/wp-json\/wp\/v2\/types\/page"}],"author":[{"embeddable":true,"href":"https:\/\/www.nasc.lt\/Norway\/wp-json\/wp\/v2\/users\/1"}],"replies":[{"embeddable":true,"href":"https:\/\/www.nasc.lt\/Norway\/wp-json\/wp\/v2\/comments?post=43"}],"version-history":[{"count":5,"href":"https:\/\/www.nasc.lt\/Norway\/wp-json\/wp\/v2\/pages\/43\/revisions"}],"predecessor-version":[{"id":143,"href":"https:\/\/www.nasc.lt\/Norway\/wp-json\/wp\/v2\/pages\/43\/revisions\/143"}],"wp:attachment":[{"href":"https:\/\/www.nasc.lt\/Norway\/wp-json\/wp\/v2\/media?parent=43"}],"curies":[{"name":"wp","href":"https:\/\/api.w.org\/{rel}","templated":true}]}}