{"id":38,"date":"2021-12-23T11:51:08","date_gmt":"2021-12-23T11:51:08","guid":{"rendered":"https:\/\/www.nasc.lt\/Norway\/?page_id=38"},"modified":"2022-02-03T13:17:38","modified_gmt":"2022-02-03T13:17:38","slug":"deltakere","status":"publish","type":"page","link":"https:\/\/www.nasc.lt\/Norway\/nb\/deltakere\/","title":{"rendered":"Deltakere"},"content":{"rendered":"<div style=\"text-align: justify;\">\n<p>Prosjektarrang\u00f8r<\/p>\n<p><strong><a href=\"https:\/\/www.nasc.lt\/en\/\">JSC &#8220;Nacionalinis \u0161vietimo centras&#8221;<\/a><\/strong><\/p>\n<p>Selskapets hovedaktivitet er IT-l\u00f8sninger for utdanningssektoren. Under utvikling av nye informasjonssystemer samarbeider selskapet alltid med utdanningsmyndigheter og administrerende byr\u00e5er.<\/p>\n<p>V\u00e5rt hovedm\u00e5l er \u00e5 tilby IT-l\u00f8sninger av beste kvalitet innen utdanning og \u00e5 tilby nye og unike produkter til utdanningsinstitusjoner.<\/p>\n<p>I dag er <a href=\"https:\/\/www.nasc.lt\/en\/\">JSC &#8220;Nacionalinis \u0161vietimo centras&#8221;<\/a> et av de ledende selskapene som tilbyr elektroniske dagboktjenester og det eneste selskapet som tilbyr en integrert l\u00f8sning for utdanningsinstitusjoner (for mer informasjon, les &#8220;Lagre e-skole&#8221;).<\/p>\n<p>Elektronisk dagbok <a href=\"https:\/\/www.manodienynas.lt\/\">\u201cDiaryium\u201d<\/a> ble startet i 2008. Siden den gang fortsatte selskapet med \u00e5 behandle den aktive systemutviklingen og s\u00f8ke etter nye kunder, og i dag brukes tjenestene v\u00e5re av mer enn 240 skoler fra hele Litauen.<\/p>\n<p>&nbsp;<\/p>\n<p>Prosjektpartner nr. 1<\/p>\n<p><strong><a href=\"https:\/\/www.vdu.lt\/en\/\">Vytautas Magnus universitet<\/a><\/strong><\/p>\n<p>I Litauen og i VMU anerkjent moderne institusjon for h\u00f8yere utdanning som en verden er de h\u00f8yeste kvalitetsstandardene. Universitetet rangerer konsekvent blant verdens st\u00f8rste og mest prestisjefylte universitetsrangeringer. VMU er et moderne og sterkt universitet som bruker prinsippene for Artes Liberales-studier ved Harvard University. Det er et omfattende utdanningsuniversitet for fremtidige utviklere.<\/p>\n<p>&nbsp;<\/p>\n<p>Prosjektpartner nr. 2<\/p>\n<p><strong><a href=\"https:\/\/id-norway.com\/\">AS Internasjonal Utvikling Norge<\/a><\/strong><\/p>\n<p>Partner for lokale myndigheter og bedrifter i prosjekter som kombinerer b\u00e6rekraftig lokal \u00f8konomisk utvikling og internasjonalt forretningspartnerskap. IDN er en spin-out fra stiftelsen SINTEF, det st\u00f8rste oppdragsforskningsinstituttet i Skandinavia. Arbeid med internasjonale prosjekter i mer enn 10 \u00e5r har gitt oss stor erfaring og en stor pool av utmerkede eksperter. Tett samarbeid med andre norske interessenter som jobber med innovasjon, teknologi og forretningsutvikling gir oss tilgang til ressurser av h\u00f8y klasse innen ulike felt.<\/p>\n<\/div>\n","protected":false},"excerpt":{"rendered":"<p>Prosjektarrang\u00f8r JSC &#8220;Nacionalinis \u0161vietimo centras&#8221; Selskapets hovedaktivitet er IT-l\u00f8sninger for utdanningssektoren. Under utvikling av nye informasjonssystemer samarbeider selskapet alltid med utdanningsmyndigheter og administrerende byr\u00e5er. V\u00e5rt hovedm\u00e5l er \u00e5 tilby IT-l\u00f8sninger av beste kvalitet innen utdanning og \u00e5 tilby nye og unike produkter til utdanningsinstitusjoner. I dag er JSC &#8220;Nacionalinis \u0161vietimo centras&#8221; et av de ledende [&hellip;]<\/p>\n","protected":false},"author":1,"featured_media":0,"parent":0,"menu_order":0,"comment_status":"closed","ping_status":"closed","template":"","meta":[],"acf":[],"_links":{"self":[{"href":"https:\/\/www.nasc.lt\/Norway\/wp-json\/wp\/v2\/pages\/38"}],"collection":[{"href":"https:\/\/www.nasc.lt\/Norway\/wp-json\/wp\/v2\/pages"}],"about":[{"href":"https:\/\/www.nasc.lt\/Norway\/wp-json\/wp\/v2\/types\/page"}],"author":[{"embeddable":true,"href":"https:\/\/www.nasc.lt\/Norway\/wp-json\/wp\/v2\/users\/1"}],"replies":[{"embeddable":true,"href":"https:\/\/www.nasc.lt\/Norway\/wp-json\/wp\/v2\/comments?post=38"}],"version-history":[{"count":7,"href":"https:\/\/www.nasc.lt\/Norway\/wp-json\/wp\/v2\/pages\/38\/revisions"}],"predecessor-version":[{"id":140,"href":"https:\/\/www.nasc.lt\/Norway\/wp-json\/wp\/v2\/pages\/38\/revisions\/140"}],"wp:attachment":[{"href":"https:\/\/www.nasc.lt\/Norway\/wp-json\/wp\/v2\/media?parent=38"}],"curies":[{"name":"wp","href":"https:\/\/api.w.org\/{rel}","templated":true}]}}