{"id":34,"date":"2021-12-23T11:50:34","date_gmt":"2021-12-23T11:50:34","guid":{"rendered":"https:\/\/www.nasc.lt\/Norway\/?page_id=34"},"modified":"2022-02-03T13:14:39","modified_gmt":"2022-02-03T13:14:39","slug":"dalyviai","status":"publish","type":"page","link":"https:\/\/www.nasc.lt\/Norway\/dalyviai\/","title":{"rendered":"Projekto dalyviai"},"content":{"rendered":"<div style=\"text-align: justify;\">\n<h4><span style=\"font-weight: 400;\">Projekto vykdytojas<\/span><\/h4>\n<p><a href=\"https:\/\/www.nasc.lt\/\"><b>UAB &#8220;Nacionalinis \u0161vietimo centras\u201d<\/b><\/a><\/p>\n<p><span style=\"font-weight: 400;\">Tai viena did\u017eiausi\u0173 \u012fmoni\u0173 Lietuvoje, kurianti ir diegianti integruotas \u0161vietimo informacines sistemas.<\/span><\/p>\n<p><span style=\"font-weight: 400;\">Pagrindin\u0117s \u012fmon\u0117s veiklos kryptys ir produktai:<\/span><\/p>\n<ul>\n<li style=\"font-weight: 400;\" aria-level=\"1\"><span style=\"font-weight: 400;\">Debes\u0173 technologij\u0173 pagrindu veikianti sistema <a href=\"https:\/\/www.manodienynas.lt\/\">\u201eMano dienynas\u201c<\/a>. \u0160i sistema yra u\u017edaro tipo socialinis tinklas ir naudojama daugiau kaip 800 pradini\u0173, profesini\u0173, vidurini\u0173 mokykl\u0173, vaik\u0173 dar\u017eeli\u0173, kiekvien\u0105 m\u0117nes\u012f sistema sulaukia daugiau nei 3,5 mln. apsilankym\u0173 ir 30 mln. puslapi\u0173 atvertim\u0173.<\/span><\/li>\n<li style=\"font-weight: 400;\" aria-level=\"1\"><span style=\"font-weight: 400;\">Tarptautin\u0117se rinkose <a href=\"https:\/\/www.manodienynas.lt\/\">\u201eMano dienynas\u201c<\/a> veikia Diaryium pavadinimu ir \u0161iuo metu vykdoma nuosekli sistemos pl\u0117tra u\u017esienyje. Diaryium jau prad\u0117jo naudoti Albanijos, Gruzijos, Vokietijos, Kosovo Respublikos mokyklos.<\/span><\/li>\n<li style=\"font-weight: 400;\" aria-level=\"1\"><span style=\"font-weight: 400;\">Daugiau nei 15 \u0161vietimo \u012fstaig\u0173 \u012fdiegta integruota \u201eSaugios elektronin\u0117s mokyklos\u201c sistema. Tai technologinis ir organizacinis sprendimas, kuris i\u0161sprend\u017eia individualius mokymo \u012fstaigos poreikius bei problemas, ir padeda \u012fstaigai s\u0117kmingai vykdyti saugesn\u0117s, labiau informuotos, \u0161iuolaikin\u0117s ir efektyvesn\u0117s mokyklos veikl\u0105. Pagrindin\u0117s projekto integracijos: elektroninis dienynas, elektronin\u0117 mokinio kortel\u0117, lankomumo apskaita, pra\u0117jimo kontrol\u0117, vaizdo kamer\u0173 steb\u0117jimo sistema, maitinimo ir bibliotek\u0173 sistemos ir t.t.<\/span><\/li>\n<li style=\"font-weight: 400;\" aria-level=\"1\"><span style=\"font-weight: 400;\">\u012evair\u016bs sud\u0117tingi technologiniai ir procesiniai sprendimai \u0161vietimo sektoriuje, tokie kaip vaik\u0173 registracija \u012f ugdymo \u012fstaigas, neformalaus ugdymo &#8220;bilingo&#8221; ir apskaitos sistemos ir daugelis kit\u0173.<\/span><\/li>\n<\/ul>\n<p>&nbsp;<\/p>\n<h4><span style=\"font-weight: 400;\">Projekto partneris Nr. 1<\/span><\/h4>\n<p><b><a href=\"https:\/\/www.vdu.lt\/lt\/\">Vytauto Did\u017eiojo universitetas<\/a><\/b><\/p>\n<p><span style=\"font-weight: 400;\">Lietuvoje ir pasaulyje VDU yra atpa\u017e\u012fstamas ir pripa\u017eintas kaip moderni auk\u0161toji mokykla, atitinkanti auk\u0161\u010diausius kokyb\u0117s standartus. Universitetas nuolat patenka \u012f did\u017eiausius ir presti\u017einius pasaulio universitet\u0173 reitingus. VDU &#8211; tai modernus ir stiprus universitetas, taikantis Harvardo universiteto Artes Liberales studij\u0173 principus. Tai visapus\u012f i\u0161silavinim\u0105 teikiantis universitetas ateities k\u016br\u0117jams.<\/span><\/p>\n<p>&nbsp;<\/p>\n<h4><span style=\"font-weight: 400;\">Projekto partneris Nr. 2<\/span><\/h4>\n<p><b><a href=\"https:\/\/id-norway.com\/\">AS International Development Norway<\/a><\/b><\/p>\n<p><span style=\"font-weight: 400;\">Vietos vald\u017eios institucij\u0173 ir \u012fmoni\u0173 partneris projektuose, kuriuose derinamas tvarus vietos ekonomikos vystymasis ir tarptautin\u0117 verslo partneryst\u0117. IDN yra SINTEF fondo, did\u017eiausio Skandinavijos sutartini\u0173 tyrim\u0173 instituto, padalinys. Dirbanti su tarptautiniais projektais daugiau nei 10 met\u0173, sukaupusi didel\u0119 patirt\u012f ir didel\u012f b\u016br\u012f puiki\u0173 ekspert\u0173. Glaudus bendradarbiavimas su kitomis Norvegijos suinteresuotosiomis \u0161alimis, dirban\u010diomis inovacij\u0173, technologij\u0173 ir verslo pl\u0117tros srityse, suteikia prieig\u0105 prie auk\u0161tos klas\u0117s i\u0161tekli\u0173 \u012fvairiose srityse.<\/span><\/p>\n<\/div>\n","protected":false},"excerpt":{"rendered":"<p>Projekto vykdytojas UAB &#8220;Nacionalinis \u0161vietimo centras\u201d Tai viena did\u017eiausi\u0173 \u012fmoni\u0173 Lietuvoje, kurianti ir diegianti integruotas \u0161vietimo informacines sistemas. Pagrindin\u0117s \u012fmon\u0117s veiklos kryptys ir produktai: Debes\u0173 technologij\u0173 pagrindu veikianti sistema \u201eMano dienynas\u201c. \u0160i sistema yra u\u017edaro tipo socialinis tinklas ir naudojama daugiau kaip 800 pradini\u0173, profesini\u0173, vidurini\u0173 mokykl\u0173, vaik\u0173 dar\u017eeli\u0173, kiekvien\u0105 m\u0117nes\u012f sistema sulaukia daugiau nei [&hellip;]<\/p>\n","protected":false},"author":1,"featured_media":0,"parent":0,"menu_order":0,"comment_status":"closed","ping_status":"closed","template":"","meta":[],"acf":[],"_links":{"self":[{"href":"https:\/\/www.nasc.lt\/Norway\/wp-json\/wp\/v2\/pages\/34"}],"collection":[{"href":"https:\/\/www.nasc.lt\/Norway\/wp-json\/wp\/v2\/pages"}],"about":[{"href":"https:\/\/www.nasc.lt\/Norway\/wp-json\/wp\/v2\/types\/page"}],"author":[{"embeddable":true,"href":"https:\/\/www.nasc.lt\/Norway\/wp-json\/wp\/v2\/users\/1"}],"replies":[{"embeddable":true,"href":"https:\/\/www.nasc.lt\/Norway\/wp-json\/wp\/v2\/comments?post=34"}],"version-history":[{"count":9,"href":"https:\/\/www.nasc.lt\/Norway\/wp-json\/wp\/v2\/pages\/34\/revisions"}],"predecessor-version":[{"id":138,"href":"https:\/\/www.nasc.lt\/Norway\/wp-json\/wp\/v2\/pages\/34\/revisions\/138"}],"wp:attachment":[{"href":"https:\/\/www.nasc.lt\/Norway\/wp-json\/wp\/v2\/media?parent=34"}],"curies":[{"name":"wp","href":"https:\/\/api.w.org\/{rel}","templated":true}]}}