{"id":28,"date":"2021-12-22T12:00:18","date_gmt":"2021-12-22T12:00:18","guid":{"rendered":"https:\/\/www.nasc.lt\/Norway\/?page_id=28"},"modified":"2022-02-03T13:12:29","modified_gmt":"2022-02-03T13:12:29","slug":"om-oss","status":"publish","type":"page","link":"https:\/\/www.nasc.lt\/Norway\/nb\/om-oss\/","title":{"rendered":"Om prosjektet"},"content":{"rendered":"<div style=\"text-align: justify;\">\n<p>Prosjekttittel \u2013 \u201cIT-innovasjon: utvikling av styringssystem basert p\u00e5 kunstig intelligens (AI)\u201d, prosjektkodenr. LT07-1-EIM-K02-023.<br \/>\nTotal prosjektfinansiering er EUR 786 747,67.<br \/>\nFerdigstillingsdato for prosjektet \u2013 30.04.2024.\u00a0 <a href=\"https:\/\/www.nasc.lt\/en\/\">Nacionalinis \u0161vietimo centras<\/a> er et av de st\u00f8rste og sterkeste selskapene i Litauen for utvikling og implementering av integrerte utdanningsinformasjonssystemer. Selskapet utvikler, promoterer og implementerer stadig innovative IT-produkter i utdanningsmarkedet. Dette skaper forutsetninger for \u00e5 utvikle en vellykket virksomhet i et sv\u00e6rt konkurranseutsatt IT-milj\u00f8.<\/p>\n<p>For \u00e5 utvikle og forbedre innovasjonspotensialet, gjennomf\u00f8rer s\u00f8keren kontinuerlig forsknings- og utviklingsarbeid og implementerer dem i praksis. Ikke-formell utdanning er en viktig del av utdanningssystemet som hjelper individer til \u00e5 m\u00f8te sine behov for erkjennelse og selvutfoldelse og samtidig danne grunnlaget for aktivt arbeid, privatliv, kunstneriske eller sosiale aktiviteter. Prosjektet ser for seg utviklingen av det smarte styringssystemet for ikke-formelle utdanningstjenester CEMPION.COM for markedet for ikke-formelle utdanningstjenester. Dette systemet vil koble brukere og tilbydere av ikke-formelle utdanningstjenester inn i et innovativt system basert p\u00e5 kunstig intelligens-l\u00f8sninger. Dette systemet vil gi kvalitativt nye muligheter til \u00e5 forbedre og utvikle ikke-formelle utdanningstjenester i henhold til individuelle brukere og tilbyderes behov ved \u00e5 koble sammen begge parter.<\/p>\n<p>Prosjektet gjennomf\u00f8res med partnere \u2013 <a href=\"https:\/\/www.vdu.lt\/en\/\">Vytautas Magnus University<\/a> og <a href=\"https:\/\/id-norway.com\/\">International Development Norway AS<\/a>. S\u00f8ker og partnere samarbeidet aktivt i utformingen og forbedringen av produktkonseptet, utf\u00f8rte andre produktutviklingsmuligheter og arbeidet som kreves for \u00e5 bekrefte gjennomf\u00f8rbarheten av prosjektkonseptet. Partnerskapet mellom litauiske og norske partnere er langsiktig og meningsfullt for alle parter p\u00e5 grunn av delte immaterielle rettigheter.<\/p>\n<p>Prosjektets m\u00e5l er \u00e5 utvikle, kommersialisere og implementere et IKT-produkt i den realformelle utdanningssektoren for informasjonsbehandling og kommunikasjon. Produktutviklingskostnadene bel\u00f8per seg til EUR 1.090.352,41. Etter fullf\u00f8rt prosjekt har s\u00f8ker til hensikt \u00e5 fortsette arbeidet ved \u00e5 forbedre produktet utviklet i prosjektet, samt forskning i samarbeid med vitenskapelige institusjoner, ved bruk av kompetansen tilegnet under prosjektet med en partner fra Norge.<\/p>\n<p>Prosjektet er medfinansiert av det norske E\u00d8S programmet for n\u00e6ringsutvikling og \u00a0innovasjon innen informasjons- og kommunikasjonsteknologi.<\/p>\n<\/div>\n","protected":false},"excerpt":{"rendered":"<p>Prosjekttittel \u2013 \u201cIT-innovasjon: utvikling av styringssystem basert p\u00e5 kunstig intelligens (AI)\u201d, prosjektkodenr. LT07-1-EIM-K02-023. Total prosjektfinansiering er EUR 786 747,67. Ferdigstillingsdato for prosjektet \u2013 30.04.2024.\u00a0 Nacionalinis \u0161vietimo centras er et av de st\u00f8rste og sterkeste selskapene i Litauen for utvikling og implementering av integrerte utdanningsinformasjonssystemer. Selskapet utvikler, promoterer og implementerer stadig innovative IT-produkter i utdanningsmarkedet. Dette [&hellip;]<\/p>\n","protected":false},"author":1,"featured_media":0,"parent":0,"menu_order":0,"comment_status":"closed","ping_status":"closed","template":"","meta":[],"acf":[],"_links":{"self":[{"href":"https:\/\/www.nasc.lt\/Norway\/wp-json\/wp\/v2\/pages\/28"}],"collection":[{"href":"https:\/\/www.nasc.lt\/Norway\/wp-json\/wp\/v2\/pages"}],"about":[{"href":"https:\/\/www.nasc.lt\/Norway\/wp-json\/wp\/v2\/types\/page"}],"author":[{"embeddable":true,"href":"https:\/\/www.nasc.lt\/Norway\/wp-json\/wp\/v2\/users\/1"}],"replies":[{"embeddable":true,"href":"https:\/\/www.nasc.lt\/Norway\/wp-json\/wp\/v2\/comments?post=28"}],"version-history":[{"count":11,"href":"https:\/\/www.nasc.lt\/Norway\/wp-json\/wp\/v2\/pages\/28\/revisions"}],"predecessor-version":[{"id":137,"href":"https:\/\/www.nasc.lt\/Norway\/wp-json\/wp\/v2\/pages\/28\/revisions\/137"}],"wp:attachment":[{"href":"https:\/\/www.nasc.lt\/Norway\/wp-json\/wp\/v2\/media?parent=28"}],"curies":[{"name":"wp","href":"https:\/\/api.w.org\/{rel}","templated":true}]}}