{"id":24,"date":"2021-12-22T11:59:34","date_gmt":"2021-12-22T11:59:34","guid":{"rendered":"https:\/\/www.nasc.lt\/Norway\/?page_id=24"},"modified":"2022-02-03T13:09:13","modified_gmt":"2022-02-03T13:09:13","slug":"apie-mus","status":"publish","type":"page","link":"https:\/\/www.nasc.lt\/Norway\/","title":{"rendered":"Apie projekt\u0105"},"content":{"rendered":"<div style=\"text-align: justify;\">Projekto pavadinimas &#8211; \u201eIT inovacijos: dirbtiniu intelektu (AI) paremtos valdymo sistemos suk\u016brimas ir pl\u0117tra\u201c, projekto kodas Nr. LT07-1-EIM-K02-023.<br \/>\nProjekto finansavimo suma &#8211; 786 747,67 eur\u0173.<br \/>\nProjekto \u012fgyvendinimo pabaiga &#8211; 2024 m. baland\u017eio 30 d. <span style=\"font-weight: 400;\"><a href=\"https:\/\/www.nasc.lt\/\">UAB \u201cNacionalinis \u0161vietimo centras\u201d<\/a> yra viena did\u017eiausi\u0173 \u012fmoni\u0173 Lietuvoje, kurianti ir diegianti integruotas \u0161vietimo informacines sistemas. Parei\u0161k\u0117jas nuolat kuria inovatyvius IT produktus, juos komercializuoja ir diegia \u0161vietimo rinkoje. Tai sudaro prielaidas pl\u0117toti s\u0117kming\u0105 versl\u0105 labai konkurencingoje IT aplinkoje. <\/span><span style=\"font-weight: 400;\">Vystydamas ir tobulindamas inovacin\u012f potencial\u0105 parei\u0161k\u0117jas nuolat vykdo mokslinius tyrimus, MTEP darbus, juos realizuoja praktikoje. Neformalusis \u0161vietimas yra viena i\u0161 \u0161vietimo sistemos dali\u0173, padedan\u010di\u0173 asmenims patenkinti pa\u017einimo ir savirai\u0161kos poreikius ir kartu formuotis pagrindus aktyviai darbinei, pilietinei, meninei ar socialinei veiklai. Vykdant projekt\u0105 numatoma sukurti neformaliojo \u0161vietimo paslaug\u0173 rinkai skirt\u0105 i\u0161mani\u0105j\u0105 neformaliojo \u0161vietimo paslaug\u0173 valdymo sistem\u0105 CEMPION.COM. \u0160i sistema apjungs neformalaus \u0161vietimo paslaug\u0173 vartotojus ir toki\u0173 paslaug\u0173 tiek\u0117jus i inovatyvi\u0105, dirbtinio intelekto sprendimais paremt\u0105 sistem\u0105, kuri suteiks kokybi\u0161kai naujas neformalaus \u0161vietimo paslaug\u0173 tobulinimo ir pl\u0117tros galimybes atsi\u017evelgiant \u012f individualius vartotojo poreikius bei apjungus atskirus neformalaus \u0161vietimo paslaug\u0173 tiek\u0117jus. Projektas vykdomas kartu su partneriais \u2013 <a href=\"https:\/\/www.vdu.lt\/lt\/\">Vytauto Did\u017eiojo universitetu<\/a> ir Norvegijos partneriu <a href=\"https:\/\/id-norway.com\/\">International Development Norway AS<\/a>. Parei\u0161k\u0117jas ir abu partneriai aktyviai bendradarbiavo formuluodami ir grynindami produkto koncepcij\u0105, atliko kitus produkto k\u016brimo darbus, reikalingus koncepcijos \u012fgyvendinamumo patvirtinimui. Be to, parei\u0161k\u0117jas ir Norvegijos partneriai dalijasi intelektin\u0117mis teis\u0117mis \u012f projekto rezultatus, j\u0173 partneryst\u0117 yra ilgalaik\u0117 ir reik\u0161minga visos \u0161alims. <\/span><span style=\"font-weight: 400;\">Projektu siekiama sukurti IRT produkt\u0105, skirt\u0105 informacijai apdoroti ir ry\u0161iams palaikyti neformalaus \u0161vietimo sektoriuje, j\u012f komercializuoti ir \u012fdiegti neformalaus \u0161vietimo rinkoje. Produkto k\u016brimui reikalingos i\u0161laidos \u2013 1.090.352,41 Eur. Parei\u0161k\u0117jas, po projekto u\u017ebaigimo, numato toliau t\u0119sti darbus, tobulindamas projekte sukurt\u0105 produkt\u0105, taip pat numatoma vykdyti mokslinius tyrimus bendradarbiaujant su mokslo institucijomis, Norvegijos partneriu, naudojant projekto metu \u012fgytas kompetencijas.\u00a0<\/span>Projektas i\u0161 dalies finansuojamas i\u0161 Norvegijos finansinio mechanizmo programos \u201eVerslo pl\u0117tra, inovacijos ir MV\u012e\u201c informacini\u0173 ir ry\u0161i\u0173 technologij\u0173 srityje.<\/div>\n","protected":false},"excerpt":{"rendered":"<p>Projekto pavadinimas &#8211; \u201eIT inovacijos: dirbtiniu intelektu (AI) paremtos valdymo sistemos suk\u016brimas ir pl\u0117tra\u201c, projekto kodas Nr. LT07-1-EIM-K02-023. Projekto finansavimo suma &#8211; 786 747,67 eur\u0173. Projekto \u012fgyvendinimo pabaiga &#8211; 2024 m. baland\u017eio 30 d. UAB \u201cNacionalinis \u0161vietimo centras\u201d yra viena did\u017eiausi\u0173 \u012fmoni\u0173 Lietuvoje, kurianti ir diegianti integruotas \u0161vietimo informacines sistemas. Parei\u0161k\u0117jas nuolat kuria inovatyvius IT [&hellip;]<\/p>\n","protected":false},"author":1,"featured_media":0,"parent":0,"menu_order":0,"comment_status":"closed","ping_status":"closed","template":"","meta":[],"acf":[],"_links":{"self":[{"href":"https:\/\/www.nasc.lt\/Norway\/wp-json\/wp\/v2\/pages\/24"}],"collection":[{"href":"https:\/\/www.nasc.lt\/Norway\/wp-json\/wp\/v2\/pages"}],"about":[{"href":"https:\/\/www.nasc.lt\/Norway\/wp-json\/wp\/v2\/types\/page"}],"author":[{"embeddable":true,"href":"https:\/\/www.nasc.lt\/Norway\/wp-json\/wp\/v2\/users\/1"}],"replies":[{"embeddable":true,"href":"https:\/\/www.nasc.lt\/Norway\/wp-json\/wp\/v2\/comments?post=24"}],"version-history":[{"count":15,"href":"https:\/\/www.nasc.lt\/Norway\/wp-json\/wp\/v2\/pages\/24\/revisions"}],"predecessor-version":[{"id":135,"href":"https:\/\/www.nasc.lt\/Norway\/wp-json\/wp\/v2\/pages\/24\/revisions\/135"}],"wp:attachment":[{"href":"https:\/\/www.nasc.lt\/Norway\/wp-json\/wp\/v2\/media?parent=24"}],"curies":[{"name":"wp","href":"https:\/\/api.w.org\/{rel}","templated":true}]}}